{"id":26,"date":"2024-02-22T13:59:19","date_gmt":"2024-02-22T12:59:19","guid":{"rendered":"https:\/\/danthine.eu\/?page_id=26"},"modified":"2024-02-22T16:25:01","modified_gmt":"2024-02-22T15:25:01","slug":"teaching","status":"publish","type":"page","link":"https:\/\/danthine.eu\/index.php\/teaching\/","title":{"rendered":"Teaching"},"content":{"rendered":"\n<p>I have created many course sites in the past. Unfortunately, most are not operational due to updates in Google Sites, and most recent ones are behind the Moodle ENSAI wall by request of my employer. <\/p>\n\n\n\n<p>Here is a list of all my career teaching. Will link to old websites when possible. <br><\/p>\n\n\n\n<p><strong>Teaching&nbsp;(inverse chronological order) :&nbsp;<\/strong><\/p>\n\n\n\n<p><strong><em>ENSAI<\/em><\/strong><\/p>\n\n\n\n<p>Public Economics (in English, Master 2 equivalent), fall 2023.<\/p>\n\n\n\n<p>Mod\u00e9lisation \u00c9conomique 2A (Master 1 equivalent), fall 2022, 2023.<\/p>\n\n\n\n<p>Mod\u00e9lisation Micro\u00e9conomique 1A, voie Math, 24h, fall 2022, 2023.<\/p>\n\n\n\n<p>Mod\u00e9lisation Micro\u00e9conomique 1A, voie STID, 18h, fall 2022, 2023.<\/p>\n\n\n\n<p>Compl\u00e9ment d\u2019\u00e9conomie: Intro \u00c9co, voie STID, 12h, fall 2022, 2023.<\/p>\n\n\n\n<p>Mod\u00e9lisation Micro\u00e9conomique 1A, voie Math et STID, 24h, fall 2020, 2021.<\/p>\n\n\n\n<p>Introduction \u00e0 l\u2019\u00e9conomie (with Esther Devilier and St\u00e9phane Auray),8h full teaching out of 24h of the course, fall 2021; (with St\u00e9phane Auray) 12h full teaching out of 24h of the course, fall 2022, 2023.<\/p>\n\n\n\n<p>Urban Economics (Master 2 equivalent, 15h full teaching, in english), spring 2015, spring 2016, spring 2017, spring 2018 (one student, reading class format), spring 2019, spring 2020, fall 2020, fall 2021, fall 2022, fall. 2023.<\/p>\n\n\n\n<p>Labor Economics (Master 2 equivalent, 18h full teaching, in english), fall 2014, fall 2015, fall 2016, fall 2017, fall 2018, fall 2019, fall 2020, fall 2021.<\/p>\n\n\n\n<p>Financial Economics (Master 1 equivalent, 21h full teaching, in English) spring 2019, spring 2020, spring 2021.<\/p>\n\n\n\n<p>S\u00e9minaire Monnaie, Cr\u00e9dit, Banque et Finance (Masters 2 equivalent, 21h full teaching, in english and french), fall 2017, fall 2018.<\/p>\n\n\n\n<p>Mod\u00e9lisation Macro\u00e9conomique 2 (21h full teaching plus 2 groups TD of 9h, in french), spring 2015, spring 2016, spring 2017, spring 2018, spring 2019 (note: renamed Mod\u00e9lisation Macro\u00e9conomique starting in 2018).<\/p>\n\n\n\n<p>Compl\u00e9ment de Micro\u00e9conomie 1 (2 groups TD of 3h, in french), spring 2018.<\/p>\n\n\n\n<p>Sujets Macro\u00e9conomiques (2 groups TD of 9h, in french), fall 2017, fall 2018.<\/p>\n\n\n\n<p>Mod\u00e9lisation Micro\u00e9conomique 2 (2 groups TD of 9h, in french), sprint 2015, spring 2016, spring 2017.<\/p>\n\n\n\n<p>Mod\u00e9lisation Micro\u00e9conomique deuxi\u00e8me ann\u00e9e, (2 groups of TD of 6h, in french), fall 2018.<\/p>\n\n\n\n<p>Mod\u00e9lisation Macro\u00e9conomique 1 (TD, 2 groups of 6h, in french), fall 2014, fall 2015, fall 2016.&nbsp;<\/p>\n\n\n\n<p>Mod\u00e9lisation Micro\u00e9conomique 1 (TD, 2 groups of 6h, in french), fall 2014, fall 2015, fall 2016.<\/p>\n\n\n\n<p>Mod\u00e9lisation Micro\u00e9conomique premi\u00e8re ann\u00e9e (TD, 2 groups of 9h, in french), fall 2017, fall 2018.<\/p>\n\n\n\n<p>Mod\u00e9lisation Macro\u00e9conomique 1 and 2 (TD, 2 groups of 15h, in french), fall 2013 and spring 2014.&nbsp;<\/p>\n\n\n\n<p>Mod\u00e9lisation Micro\u00e9conomique (TD, 2 groups of 6h, in french), spring 2014.<\/p>\n\n\n\n<p>Superviseur des Projets d\u2019\u00c9conomie (3h teaching, followed by group work supervision), fall 2013.&nbsp;<\/p>\n\n\n\n<p>Dossiers d\u2019\u00e9conomie (introduction to Economics in small groups, 2 groups, 9h, in french), fall 2013.&nbsp;<\/p>\n\n\n\n<p>Analyse des Probl\u00e8mes \u00e9conomiques contemporains (24h full teaching in french), fall 2013.<\/p>\n\n\n\n<p><strong><em>ENSAI (projects supervision):&nbsp;<\/em><\/strong><\/p>\n\n\n\n<p><em>Projets d\u2019\u00e9conomie de premi\u00e8re ann\u00e9e: 15 groups 2017-2018, 6 groups 2018-2019.<\/em><\/p>\n\n\n\n<p><em>Projets statistique deuxi\u00e8me ann\u00e9e: 1 group 2018-2019.&nbsp;<\/em><\/p>\n\n\n\n<p><strong><em>Concordia&nbsp;University (180h bac, full teaching) :<\/em><\/strong><\/p>\n\n\n\n<p>Economics of Growth and Fluctuations (Advanced Ba, 45h, in english), summer 2013.<\/p>\n\n\n\n<p>Introduction to Microeconomics (Ba first year, 45h, in english), hiver 2013.<\/p>\n\n\n\n<p>Introduction to Macroeconomics (Ba first year, 2 sections of 45h, in english), winter 2013.<\/p>\n\n\n\n<p><strong><em>Universit\u00e9 de Sherbrooke (45h PhD, 90h Msc, 225h bac, full teaching) :<\/em><\/strong><\/p>\n\n\n\n<p>Th\u00e9orie Macro\u00e9conomique 2 (Ph.D., 45h, in french), winter 2012.<\/p>\n\n\n\n<p>\u00c9conomie des finances internationales (masters, 45h, in french), \u00e9t\u00e9 2010, 2011.<\/p>\n\n\n\n<p>Analyse macro\u00e9conomique 2 (ba, 45h, in french), summer 2010, 2011.<\/p>\n\n\n\n<p>Monnaie, cr\u00e9dit et banque (ba, 45h, in french), winter 2011, winter 2012.<\/p>\n\n\n\n<p>Analyse macro\u00e9conomique 1 (ba, 45h, in french), winter 2011.<\/p>\n\n\n\n<p><strong><em>UQAM&nbsp;(90h bac, 100h eMBA, full teaching) :<\/em><\/strong><\/p>\n\n\n\n<p>Macro\u00e9conomie 1 (ba in actuarial science, 45h, in french), fall 2009, winter 2010.&nbsp;<\/p>\n\n\n\n<p>Environnement Macro\u00e9conomique de la firme (MBA Science and Engineer , 1 group, 25h, in french), winter 2010.<\/p>\n\n\n\n<p>Environnement Macro\u00e9conomique de la firme (two groups, executive MBA, one group MBA Science and Engineer, 25h per group, in french), fall 2009<\/p>\n\n\n\n<p><strong><em>M\u00e1laga&nbsp;(90h bac, 10h Masters, full teaching) :<\/em><\/strong><\/p>\n\n\n\n<p>Microeconom\u00eda: Teoria de juegos (game theory, 10h, in spanish), Masters de Cooperaci\u00f3n Internacional, January 2009.<\/p>\n\n\n\n<p>Introduction to macroeconomics (ba, 30h of 60, avec Noem\u00ed Navarro, in english), spring 2008<\/p>\n\n\n\n<p>Introduction to microeconomics (ba, 60h, in english), fall 2007<\/p>\n\n\n\n<p><strong><em>HEC Lausanne (24h bac, full teaching):<\/em><\/strong><\/p>\n\n\n\n<p>S\u00e9minaire de politiques macro\u00e9conomiques (Bac avanc\u00e9, 24h en fran\u00e7ais et 6h de pr\u00e9sentations), printemps 2007.<\/p>\n\n\n\n<p><strong><em>UQAM (282h ba, 90h masters, 23h PhD, full teaching)&nbsp;:<\/em><\/strong><\/p>\n\n\n\n<p>\u00c9conomie du travail (Masters, 45h, in french), winter 2005, winter 2006.<\/p>\n\n\n\n<p>Macro\u00e9conomie 3 (Advanced Ba, 45h, in french), winter 2004, fall 2004, fall 2005, winter 2006.<\/p>\n\n\n\n<p>Macro\u00e9conomie Avanc\u00e9e (Ph.D. class, 23h of 45, in french), winter 2004, with A. Kurmann.<\/p>\n\n\n\n<p>Perspective de l&#8217;\u00e9conomique (Ba, in french), winter 2004, (15h of 45, with C. Lemelin and S. Pallage), fall 2004 (15h of 45, with A. Kurmann and S. Pallage), winter 2005, fall 2005, winter 2006 (24h of 45, with A. Kurmann).<\/p>\n\n\n\n<p><strong><em>University of Rochester&nbsp;(40h full teaching ba, multiples TA tasks):<\/em><\/strong><\/p>\n\n\n\n<p>Intermediate Macroeconomics (Ba, 40h), summer 2001.<\/p>\n\n\n\n<p>TA for Steve Landsburg (Introduction to microeconomics) and Alan Stockman (Introduction to macroeconomics), University of Rochester, fall 2000 and winter 2001.<\/p>\n\n\n\n<p><strong>Supervision extracurricular reading group&nbsp;:<\/strong><\/p>\n\n\n\n<p>Reading group with 7 undergraduates, Universit\u00e9 de Sherbrooke: reading and discussion of <em>Keynes, Lucas, d\u2019une Macro\u00e9conomie \u00e0 l\u2019autre<\/em>, Michel De Vroey, 1 weekly meeting, summer 2011.<\/p>\n\n\n\n<p>Reading group with 8 undergraduates and&nbsp; 1 master student, Universit\u00e9 de Sherbrooke: reading and discussion of <em>Economics Evolving, a History of Economic Thought<\/em>, Agnar Sandmo, 1 weekly meeting, winter 2011-2012.<\/p>\n\n\n\n<p><strong>Student supervision :<\/strong><\/p>\n\n\n\n<p>Ma\u00eetrise (UQAM)&nbsp;: Edmond Kokora.<\/p>\n\n\n\n<p>Ma\u00eetrise (double dipl\u00f4me OFPR ENSAI-IGR finance)&nbsp;: Carine Belel Boukong, Collince Mouafo Fokou, Tarwobgo Bardwaya, Ibrahim Toure, Arthur Cluet, K\u00e9vin Giron, Fran\u00e7ois Demay, K\u00e9vin Vuong, Serge Chamberlin Wafo Foueka.&nbsp;<\/p>\n\n\n\n<p>Ma\u00eetrise (double dipl\u00f4me OFPR ENSAI-AMSE \u00e9conomie de la sant\u00e9)&nbsp;: Drifa Belhadi, Mathias Cousin, Julie Latourelle, Nicoleta Petrica, Mariama Tour\u00e9, Thibaud Prawitz, , Nathan Nougue, Lo\u00efg Gauguin. Suivi plus \u00e9loign\u00e9 de Armel Ngami et Ulrich Nguemdjo Kamguem&nbsp; (stage de recherche AMSE).<\/p>\n\n\n\n<p>PhD Thesis Committee (UQAM) : Moez Souissi, <em>Essays on Mergers, Real Options and Market Structure<\/em>, April 2004<\/p>\n","protected":false},"excerpt":{"rendered":"<p>I have created many course sites in the past. Unfortunately, most are not operational due to updates in Google Sites, and most recent ones are behind the Moodle ENSAI wall by request of my employer. Here is a list of all my career teaching. Will link to old websites when possible. Teaching&nbsp;(inverse chronological order) :&nbsp; [&hellip;]<\/p>\n","protected":false},"author":1,"featured_media":0,"parent":0,"menu_order":0,"comment_status":"closed","ping_status":"closed","template":"","meta":{"om_disable_all_campaigns":false,"_monsterinsights_skip_tracking":false,"_monsterinsights_sitenote_active":false,"_monsterinsights_sitenote_note":"","_monsterinsights_sitenote_category":0,"footnotes":""},"class_list":["post-26","page","type-page","status-publish","hentry"],"aioseo_notices":[],"_links":{"self":[{"href":"https:\/\/danthine.eu\/index.php\/wp-json\/wp\/v2\/pages\/26","targetHints":{"allow":["GET"]}}],"collection":[{"href":"https:\/\/danthine.eu\/index.php\/wp-json\/wp\/v2\/pages"}],"about":[{"href":"https:\/\/danthine.eu\/index.php\/wp-json\/wp\/v2\/types\/page"}],"author":[{"embeddable":true,"href":"https:\/\/danthine.eu\/index.php\/wp-json\/wp\/v2\/users\/1"}],"replies":[{"embeddable":true,"href":"https:\/\/danthine.eu\/index.php\/wp-json\/wp\/v2\/comments?post=26"}],"version-history":[{"count":2,"href":"https:\/\/danthine.eu\/index.php\/wp-json\/wp\/v2\/pages\/26\/revisions"}],"predecessor-version":[{"id":60,"href":"https:\/\/danthine.eu\/index.php\/wp-json\/wp\/v2\/pages\/26\/revisions\/60"}],"wp:attachment":[{"href":"https:\/\/danthine.eu\/index.php\/wp-json\/wp\/v2\/media?parent=26"}],"curies":[{"name":"wp","href":"https:\/\/api.w.org\/{rel}","templated":true}]}}