{"id":22,"date":"2024-02-22T13:58:50","date_gmt":"2024-02-22T12:58:50","guid":{"rendered":"https:\/\/danthine.eu\/?page_id=22"},"modified":"2024-02-22T16:23:06","modified_gmt":"2024-02-22T15:23:06","slug":"curriculum-vitae","status":"publish","type":"page","link":"https:\/\/danthine.eu\/index.php\/curriculum-vitae\/","title":{"rendered":"Curriculum Vitae"},"content":{"rendered":"\n<p>Curriculum Vitae (<a href=\"http:\/\/danthine.eu\/wp-content\/uploads\/2024\/02\/CV-english-2024-1.pdf\" target=\"_blank\" rel=\"noopener\" title=\"\">Link to my complete CV in PDF<\/a>)<\/p>\n\n\n\n<p>March&nbsp; 2024<\/p>\n\n\n\n<p>E-mail&nbsp;: <a href=\"mailto:danthine.samuel@gmail.com\">danthine.samuel@gmail.com<\/a> (research) <a href=\"mailto:samuel.danthine@ensai.fr\">samuel.danthine@ensai.fr<\/a> teaching)<\/p>\n\n\n\n<p>Webpage : <a href=\"https:\/\/danthine.eu\">https:\/\/danthine.eu<\/a><\/p>\n\n\n\n<p><strong>Current position :&nbsp;<\/strong><\/p>\n\n\n\n<p>Lecturer, \u00c9cole Nationale de la Statistique et de l\u2019Analyse de l\u2019Information (ENSAI), since September 2013, with tenure since September 2020, and researcher, ENSAI, from January 2016.&nbsp;<\/p>\n\n\n\n<p>French qualification at the Ma\u00eetre de Conf\u00e9rence level.<\/p>\n\n\n\n<p><strong>Past position&nbsp;:<\/strong><\/p>\n\n\n\n<p>Chair, Economics Department, from January 2020 to December 2022.<\/p>\n\n\n\n<p>Quality officer, ENSAI, from June 2021 to June 2022. &nbsp;<\/p>\n\n\n\n<p>Researcher, CREST-ENSAI, octobre 2013-janvier 2016.<\/p>\n\n\n\n<p>Assistant professor (Limited Term Appointment) Concordia University, January- June 2013.<\/p>\n\n\n\n<p>Substitut assistant professor, Universit\u00e9 de Sherbrooke and associate researcher, Groupe de Recherche en \u00c9conomie et D\u00e9veloppement International (GREDI), April 2010-April 2012.&nbsp;<\/p>\n\n\n\n<p>Assistant professor, Universit\u00e9 du Qu\u00e9bec \u00e0 Montr\u00e9al, June 2003-Mai 2010 (unpaid leave September 2007-June 2009).<\/p>\n\n\n\n<p>Researcher, Universidad de M\u00e1laga, Departamento de Teor\u00eda e Historia Econ\u00f3mica, September2007- June 2009.<\/p>\n\n\n\n<p>Invited assistant professor, HEC, Universit\u00e9 de Lausanne, March 2007- June 2007.<\/p>\n\n\n\n<p>Associate researcher, Centre Interuniversitaire sur le Risque, les Politiques \u00c9conomiques et l&#8217;Emploi (CIRP\u00c9E), Montr\u00e9al, October 2003- December 2015.<\/p>\n\n\n\n<p>Associate researcher, Institute for the Study of Labor (IZA), Bonn, December 2002-May 2008.<\/p>\n\n\n\n<p><strong>Short stays <\/strong>:<\/p>\n\n\n\n<p>HEC Lausanne (2x one month), CORE (UC Louvain, 1x 3 months), IRES (UC Louvain, 2x 1 month, 1x 1 week), Cleveland Fed (1x 1 week), Western University (1x 1 week)<\/p>\n\n\n\n<p><strong>Education&nbsp;:<\/strong><\/p>\n\n\n\n<p>Ph.D., Economics, University of Rochester, June 2004.<\/p>\n\n\n\n<p>M.A., Economics, University of Rochester, March 2001.<\/p>\n\n\n\n<p>D.E.A., Mathematical Economics and Econometrics, MPSE, Universit\u00e9 Toulouse 1, June 1998.<\/p>\n\n\n\n<p>Licences en sciences \u00e9conomiques, Universit\u00e9 Catholique de Louvain, August 1997.<\/p>\n\n\n\n<p><strong>Publications :&nbsp;<\/strong><\/p>\n\n\n\n<p>St\u00e9phane Auray and Samuel Danthine, 2010. \u201cBargaining frictions, labor income taxation, and economic performance,\u201d <em>European Economic Review<\/em>, Vol. 54(6), pages 778-802.&nbsp;<\/p>\n\n\n\n<p>Samuel Danthine and Noem\u00ed Navarro, 2013. \u201cHow to Add Apples and Pears: Non-Symmetric Nash Bargaining and the Generalized Joint Surplus\u201d, <em>Economics&nbsp;Bulletin<\/em>, Vol. 33(4), pages 2840-2850.&nbsp;<\/p>\n\n\n\n<p>Samuel Danthine and Michel De Vroey, 2017. \u201cThe integration of search in macroeconomics: two alternative paths,\u201d <em>Journal of the History of Economic Thought, <\/em>Vol. 39(4), pp. 523-548.&nbsp;<\/p>\n\n\n\n<p>Jean-Pierre Danthine and Samuel Danthine, 2018. \u201cOn the rewards to international investing:a safe haven currency perspective,\u201d <em>Swiss Journal of Economics and Statistics, <\/em><strong><em>154<\/em><\/strong><em>:14.<\/em>&nbsp;<\/p>\n\n\n\n<p>St\u00e9phane Auray, Samuel Danthine, and Markus Poschke, 2020. \u201cUnderstanding Severance Pay Determination: Mandates, Bargaining, and Unions,\u201d Scandinavian Journal of Economics, vol. 122(3), pages 1073-1111, July.<\/p>\n\n\n\n<p><strong>Working papers and current works:<\/strong><\/p>\n\n\n\n<p>\u201cThe integration of search in macroeconomics: Interviews with David Andolfatto, Peter Diamond, and Monika Merz,\u201d IRES Discussion Paper 2016-13, with Michel De Vroey, 2016.<\/p>\n\n\n\n<p>\u201cOn the wisdom of hedging currency risk,\u201d with Jean-Pierre Danthine, 2019.<\/p>\n\n\n\n<p>\u201cInfant Food Rejection: Another Poverty Trap,\u201d with Noem\u00ed Navarro, 2019.<\/p>\n\n\n\n<p>\u201cWage Dispersion from the Cost of Routine: the Role of Workers\u2019 Social Networks\u201d, with Noem\u00ed Navarro, 2024.<\/p>\n","protected":false},"excerpt":{"rendered":"<p>Curriculum Vitae (Link to my complete CV in PDF) March&nbsp; 2024 E-mail&nbsp;: danthine.samuel@gmail.com (research) samuel.danthine@ensai.fr teaching) Webpage : https:\/\/danthine.eu Current position :&nbsp; Lecturer, \u00c9cole Nationale de la Statistique et de l\u2019Analyse de l\u2019Information (ENSAI), since September 2013, with tenure since September 2020, and researcher, ENSAI, from January 2016.&nbsp; French qualification at the Ma\u00eetre de Conf\u00e9rence [&hellip;]<\/p>\n","protected":false},"author":1,"featured_media":0,"parent":0,"menu_order":0,"comment_status":"closed","ping_status":"closed","template":"","meta":{"om_disable_all_campaigns":false,"_monsterinsights_skip_tracking":false,"_monsterinsights_sitenote_active":false,"_monsterinsights_sitenote_note":"","_monsterinsights_sitenote_category":0,"footnotes":""},"class_list":["post-22","page","type-page","status-publish","hentry"],"aioseo_notices":[],"_links":{"self":[{"href":"https:\/\/danthine.eu\/index.php\/wp-json\/wp\/v2\/pages\/22","targetHints":{"allow":["GET"]}}],"collection":[{"href":"https:\/\/danthine.eu\/index.php\/wp-json\/wp\/v2\/pages"}],"about":[{"href":"https:\/\/danthine.eu\/index.php\/wp-json\/wp\/v2\/types\/page"}],"author":[{"embeddable":true,"href":"https:\/\/danthine.eu\/index.php\/wp-json\/wp\/v2\/users\/1"}],"replies":[{"embeddable":true,"href":"https:\/\/danthine.eu\/index.php\/wp-json\/wp\/v2\/comments?post=22"}],"version-history":[{"count":6,"href":"https:\/\/danthine.eu\/index.php\/wp-json\/wp\/v2\/pages\/22\/revisions"}],"predecessor-version":[{"id":58,"href":"https:\/\/danthine.eu\/index.php\/wp-json\/wp\/v2\/pages\/22\/revisions\/58"}],"wp:attachment":[{"href":"https:\/\/danthine.eu\/index.php\/wp-json\/wp\/v2\/media?parent=22"}],"curies":[{"name":"wp","href":"https:\/\/api.w.org\/{rel}","templated":true}]}}